{"id":16395,"date":"2023-10-04T00:30:14","date_gmt":"2023-10-04T00:30:14","guid":{"rendered":"https:\/\/merkezkombi.com.tr\/sunny-klima-servisi\/"},"modified":"2023-10-04T00:30:14","modified_gmt":"2023-10-04T00:30:14","slug":"sunny-klima-servisi","status":"publish","type":"page","link":"https:\/\/merkezkombi.com.tr\/?page_id=16395","title":{"rendered":"Sunny Klima Servisi"},"content":{"rendered":"<p>Her mevsimde, i\u00e7 mekanlar\u0131m\u0131z\u0131n konforunu sa\u011flayan klima sistemleri, ya\u015fam kalitemizi art\u0131r\u0131r. Siz de evinizde, i\u015fyerinizde veya herhangi bir mekanda rahat ve ideal s\u0131cakl\u0131kta bir atmosfer olu\u015fturmak istiyorsan\u0131z, Anadolu Merkez Servisi olarak Sunny Klima Servisi ve bak\u0131m\u0131 konusunda size yard\u0131mc\u0131 olmaktan gurur duyar\u0131z.Sunny Klima Servisi<em>\u00a0olarak<\/em>, \u0130stanbul&#8217;un Anadolu Yakas\u0131&#8217;nda her t\u00fcrl\u00fc klima cihaz\u0131 i\u00e7in uzman teknik destek sa\u011flamaktad\u0131r. Klima bak\u0131m\u0131 ve ar\u0131za giderme konular\u0131nda uzmanla\u015fm\u0131\u015f bir ekibimizle size m\u00fckemmel bir hizmet sunuyoruz.<\/p>\n<p>Klima cihaz\u0131n\u0131zda meydana gelebilecek ar\u0131zalar veya bak\u0131m ihtiya\u00e7lar\u0131n\u0131z i\u00e7in, \u00e7a\u011fr\u0131 merkezini arayarak h\u0131zl\u0131 ve etkili bir \u015fekilde bize ula\u015fabilirsiniz. Deneyimli teknik ekibimiz, size yard\u0131mc\u0131 olmak i\u00e7in her zaman haz\u0131r.Klima cihaz\u0131n\u0131z\u0131n boyutu ne olursa olsun, Anadolu Merkez Klima, montaj i\u015flemlerinizi ayn\u0131 g\u00fcn i\u00e7inde h\u0131zl\u0131 bir \u015fekilde ger\u00e7ekle\u015ftirir. S\u0131ra beklemeden ar\u0131za kayd\u0131 olu\u015fturabilir veya montaj taleplerinizi bize iletebilirsiniz.Siz de\u011ferli m\u00fc\u015fterilerimize 7 g\u00fcn 24 saat kesintisiz hizmet sunuyoruz. Herhangi bir ar\u0131za veya montaj talebi kar\u015f\u0131s\u0131nda, deneyimli ekibimiz sorunsuz ve eksiksiz bir hizmet sunmaktad\u0131r.<\/p>\n<p>\u0130stanbul&#8217;un Anadolu Yakas\u0131&#8217;n\u0131n d\u00f6rt bir yan\u0131na hizmet veren uzman teknik servis ekibimiz, d\u00fczenli olarak e\u011fitimden ge\u00e7mektedir. Teknik becerilerini g\u00fcncellemelerinin yan\u0131 s\u0131ra, ileti\u015fim yeteneklerini de geli\u015ftiriyorlar. M\u00fc\u015fteri ile \u015firketimiz aras\u0131ndaki ileti\u015fimi g\u00fc\u00e7lendirmek temel amac\u0131m\u0131zd\u0131r.<\/p>\n<p><strong>Anadolu Merkez Servisi<\/strong> , <strong>Sunny Klima Servisi<\/strong>\u00a0hizmetinde teknik yetenekleri ve m\u00fc\u015fteri memnuniyetini birle\u015ftirir. Her t\u00fcrl\u00fc klima ihtiyac\u0131n\u0131z i\u00e7in g\u00fcvendi\u011finiz isim olmak i\u00e7in buraday\u0131z. \u0130\u015fte bu y\u00fczden bizi tercih edin ve konforunuz i\u00e7in bize g\u00fcvenin.<\/p>\n<h2 style=\"text-align: center;\"><strong>Neden Anadolu Merkez Servisi&#8217;ni Tercih Etmelisiniz?<\/strong><\/h2>\n<ol>\n<li><strong>Deneyimli Uzmanlar<\/strong>: Anadolu Merkez Servisi, klima bak\u0131m\u0131 ve onar\u0131m\u0131 konusunda uzmanla\u015fm\u0131\u015f deneyimli bir ekibe sahiptir. Sertifikal\u0131 teknisyenlerimiz, her t\u00fcrl\u00fc klima marka ve modeline hakimdir.<\/li>\n<li><strong>H\u0131zl\u0131 ve G\u00fcvenilir Hizmet<\/strong>: Acil bir durumda klima ar\u0131zalar\u0131n\u0131 h\u0131zla \u00e7\u00f6zmek i\u00e7in buraday\u0131z. Size h\u0131zl\u0131 ve g\u00fcvenilir servis sa\u011flamak i\u00e7in 7\/24 ula\u015f\u0131labiliriz.<\/li>\n<li><strong>D\u00fczenli Bak\u0131m Hizmeti<\/strong>: Klima cihazlar\u0131n\u0131z\u0131n verimli \u00e7al\u0131\u015fmas\u0131n\u0131 sa\u011flamak ve uzun \u00f6m\u00fcrl\u00fc olmalar\u0131n\u0131 garantilemek i\u00e7in d\u00fczenli bak\u0131m hizmetleri sunuyoruz. Bu, enerji tasarrufu sa\u011flar ve beklenmedik ar\u0131zalar\u0131 \u00f6nler.<\/li>\n<li><strong>Fiyat Performans Dengesi<\/strong>: Anadolu Merkez Servisi, rekabet\u00e7i fiyatlar sunar ve hizmet kalitesini asla \u00f6d\u00fcn vermeden s\u00fcrd\u00fcr\u00fcr. B\u00f6ylece b\u00fct\u00e7enizi korurken klima sistemlerinizin iyi durumda olmas\u0131n\u0131 sa\u011flar\u0131z.<\/li>\n<\/ol>\n<h3 style=\"text-align: center;\"><strong>Hizmetlerimiz Neleri \u0130\u00e7erir?<\/strong><\/h3>\n<ul>\n<li>Klima Montaj\u0131 ve Kurulumu: Yeni bir klima sistemi kurulumu i\u00e7in bize g\u00fcvenebilirsiniz.<\/li>\n<li>Klima Bak\u0131m\u0131 ve Temizli\u011fi: D\u00fczenli bak\u0131m ile kliman\u0131z\u0131n verimini art\u0131r\u0131n ve hava kalitesini iyile\u015ftirin.<\/li>\n<li>Klima Ar\u0131za Onar\u0131m\u0131: Kliman\u0131z\u0131n her t\u00fcrl\u00fc ar\u0131zas\u0131n\u0131 h\u0131zl\u0131 bir \u015fekilde gideriyoruz.<\/li>\n<li>Klima Gaz Dolumu: Kliman\u0131z\u0131n so\u011futma performans\u0131n\u0131 art\u0131rmak i\u00e7in gaz dolumu hizmeti sunuyoruz.<\/li>\n<li>Klima Par\u00e7a De\u011fi\u015fimi: Eski veya hasarl\u0131 par\u00e7alar\u0131 y\u00fcksek kaliteli yedeklerle de\u011fi\u015ftiriyoruz.<\/li>\n<li>Klima Performans Testi: Klima sistemlerinizin en iyi \u015fekilde \u00e7al\u0131\u015ft\u0131\u011f\u0131n\u0131 kontrol ediyoruz.<\/li>\n<\/ul>\n<p>Sunny Klima Servisi ,Klima tamiri ve Klima servisi konular\u0131nda siz de\u011ferli m\u00fc\u015fterilerimize 7 g\u00fcn 24 saat teknik hizmet sunmaktay\u0131z.Klima ar\u0131zalar\u0131 Klima bak\u0131m\u0131 konular\u0131nda bizleri arayarak akl\u0131n\u0131za tak\u0131lan sorulara cevap bulabilirsiniz.\u00c7a\u011fr\u0131 merkezimizin telefon numaras\u0131 <strong>0537 374 9925<\/strong>\u00a0\u2013\u00a0<strong>0530 581 9935<\/strong>\u00a0\u2018dir.<\/p>\n","protected":false},"excerpt":{"rendered":"<p>Her mevsimde, i\u00e7 mekanlar\u0131m\u0131z\u0131n konforunu sa\u011flayan klima sistemleri, ya\u015fam kalitemizi art\u0131r\u0131r. Siz de evinizde, i\u015fyerinizde veya herhangi bir mekanda rahat<\/p>\n","protected":false},"author":1,"featured_media":0,"parent":0,"menu_order":0,"comment_status":"closed","ping_status":"closed","template":"","meta":{"footnotes":""},"class_list":["post-16395","page","type-page","status-publish","hentry"],"_links":{"self":[{"href":"https:\/\/merkezkombi.com.tr\/index.php?rest_route=\/wp\/v2\/pages\/16395","targetHints":{"allow":["GET"]}}],"collection":[{"href":"https:\/\/merkezkombi.com.tr\/index.php?rest_route=\/wp\/v2\/pages"}],"about":[{"href":"https:\/\/merkezkombi.com.tr\/index.php?rest_route=\/wp\/v2\/types\/page"}],"author":[{"embeddable":true,"href":"https:\/\/merkezkombi.com.tr\/index.php?rest_route=\/wp\/v2\/users\/1"}],"replies":[{"embeddable":true,"href":"https:\/\/merkezkombi.com.tr\/index.php?rest_route=%2Fwp%2Fv2%2Fcomments&post=16395"}],"version-history":[{"count":0,"href":"https:\/\/merkezkombi.com.tr\/index.php?rest_route=\/wp\/v2\/pages\/16395\/revisions"}],"wp:attachment":[{"href":"https:\/\/merkezkombi.com.tr\/index.php?rest_route=%2Fwp%2Fv2%2Fmedia&parent=16395"}],"curies":[{"name":"wp","href":"https:\/\/api.w.org\/{rel}","templated":true}]}}